{"id":5895,"date":"2023-10-27T19:23:22","date_gmt":"2023-10-27T17:23:22","guid":{"rendered":"https:\/\/gamba.fr\/?page_id=5895"},"modified":"2024-01-02T16:27:08","modified_gmt":"2024-01-02T15:27:08","slug":"moyens-techniques","status":"publish","type":"page","link":"https:\/\/gamba.fr\/en\/recherche-et-developpement\/moyens-techniques\/","title":{"rendered":"Technical resources"},"content":{"rendered":"<div class=\"mcw-fp-wrapper\">\t\t<div data-elementor-type=\"wp-page\" data-elementor-id=\"5895\" class=\"elementor elementor-5895\" data-elementor-settings=\"{&quot;mcw-fullpage-elementor-section-navigation_mcw-fullpage-elementor-show-bullets&quot;:&quot;yes&quot;,&quot;mcw-fullpage-elementor-section-navigation_mcw-fullpage-elementor-show-bullets_tablet&quot;:&quot;yes&quot;,&quot;mcw-fullpage-elementor-section-navigation_mcw-fullpage-elementor-show-bullets_mobile&quot;:&quot;yes&quot;,&quot;mcw-fullpage-elementor-section-navigation_mcw-fullpage-elementor-space&quot;:&quot;17&quot;}\" data-elementor-post-type=\"page\">\n\t\t\t\t\t\t<section class=\"mcw-fp-section fp-auto-height-responsive elementor-section elementor-top-section elementor-element elementor-element-33f6dc8e introduction elementor-section-boxed elementor-section-height-default elementor-section-height-default elementor-invisible\" data-anchor=\"introduction\" data-tooltip=\"\" data-id=\"33f6dc8e\" data-element_type=\"section\" data-e-type=\"section\" data-settings=\"{&quot;background_background&quot;:&quot;classic&quot;,&quot;animation&quot;:&quot;fadeIn&quot;,&quot;animation_delay&quot;:500}\">\n\t\t\t\t\t\t\t<div class=\"elementor-background-overlay\"><\/div>\n\t\t\t\t\t\t\t<div class=\"elementor-container elementor-column-gap-default\">\n\t\t\t\t\t<div class=\"elementor-column elementor-col-100 elementor-top-column elementor-element elementor-element-340b08d6\" data-id=\"340b08d6\" data-element_type=\"column\" data-e-type=\"column\">\n\t\t\t<div class=\"elementor-widget-wrap elementor-element-populated\">\n\t\t\t\t\t\t<section class=\"mcw-fp-slide elementor-section elementor-inner-section elementor-element elementor-element-15b84547 elementor-section-boxed elementor-section-height-default elementor-section-height-default\" data-id=\"15b84547\" data-element_type=\"section\" data-e-type=\"section\">\n\t\t\t\t\t\t<div class=\"elementor-container elementor-column-gap-default\">\n\t\t\t\t\t<div class=\"elementor-column elementor-col-50 elementor-inner-column elementor-element elementor-element-25e3798c\" data-id=\"25e3798c\" data-element_type=\"column\" data-e-type=\"column\">\n\t\t\t<div class=\"elementor-widget-wrap elementor-element-populated\">\n\t\t\t\t\t\t<div class=\"elementor-element elementor-element-7046a06a elementor-widget elementor-widget-heading\" data-id=\"7046a06a\" data-element_type=\"widget\" data-e-type=\"widget\" data-widget_type=\"heading.default\">\n\t\t\t\t<div class=\"elementor-widget-container\">\n\t\t\t\t\t<h1 class=\"elementor-heading-title elementor-size-default\">Moyens techniques R&amp;D<\/h1>\t\t\t\t<\/div>\n\t\t\t\t<\/div>\n\t\t\t\t\t<\/div>\n\t\t<\/div>\n\t\t\t\t<div class=\"elementor-column elementor-col-50 elementor-inner-column elementor-element elementor-element-514cf346 content\" data-id=\"514cf346\" data-element_type=\"column\" data-e-type=\"column\">\n\t\t\t<div class=\"elementor-widget-wrap elementor-element-populated\">\n\t\t\t\t\t\t<div class=\"elementor-element elementor-element-6804d50d elementor-widget elementor-widget-text-editor\" data-id=\"6804d50d\" data-element_type=\"widget\" data-e-type=\"widget\" data-widget_type=\"text-editor.default\">\n\t\t\t\t<div class=\"elementor-widget-container\">\n\t\t\t\t\t\t\t\t\t<h4>Mat\u00e9riel et outils de mesure :<\/h4><ul><li>Analyseurs num\u00e9riques, microphonie, acc\u00e9l\u00e9rom\u00e9trie,<\/li><li>Source omnidirectionnelle<\/li><li>Chambre semi-an\u00e9cho\u00efque (sur le site de Nantes)<\/li><li>Banc de mesure de la performance acoustique d\u2019une sous-couche acoustique au bruit de Roulement \u0394LBR<\/li><li>Banc de mesure de la rigidit\u00e9 dynamique en flexion ISO 16940<\/li><li>Partenariats avec diff\u00e9rents laboratoires pour la mesure de l\u2019affaiblissement acoustique et de niveau de bruit de chocs<\/li><\/ul>\t\t\t\t\t\t\t\t<\/div>\n\t\t\t\t<\/div>\n\t\t\t\t\t<\/div>\n\t\t<\/div>\n\t\t\t\t\t<\/div>\n\t\t<\/section>\n\t\t\t\t\t<\/div>\n\t\t<\/div>\n\t\t\t\t\t<\/div>\n\t\t<\/section>\n\t\t\t\t<section class=\"mcw-fp-section fp-noscroll fp-col-full-height elementor-section elementor-top-section elementor-element elementor-element-5241f81a elementor-section-full_width outils-maitrises elementor-section-height-default elementor-section-height-default elementor-invisible\" data-anchor=\"mesures-specifiques\" data-tooltip=\"\" data-id=\"5241f81a\" data-element_type=\"section\" data-e-type=\"section\" data-settings=\"{&quot;animation&quot;:&quot;fadeIn&quot;}\">\n\t\t\t\t\t\t<div class=\"elementor-container elementor-column-gap-default\">\n\t\t\t\t\t<div class=\"elementor-column elementor-col-100 elementor-top-column elementor-element elementor-element-a6f5f3e\" data-id=\"a6f5f3e\" data-element_type=\"column\" data-e-type=\"column\">\n\t\t\t<div class=\"elementor-widget-wrap elementor-element-populated\">\n\t\t\t\t\t\t<section class=\"mcw-fp-slide elementor-section elementor-inner-section elementor-element elementor-element-10c5a257 elementor-section-full_width elementor-section-height-default elementor-section-height-default\" data-id=\"10c5a257\" data-element_type=\"section\" data-e-type=\"section\">\n\t\t\t\t\t\t<div class=\"elementor-container elementor-column-gap-default\">\n\t\t\t\t\t<div class=\"elementor-column elementor-col-50 elementor-inner-column elementor-element elementor-element-447c5c7b groupe-img elementor-hidden-tablet elementor-hidden-mobile\" data-id=\"447c5c7b\" data-element_type=\"column\" data-e-type=\"column\" data-settings=\"{&quot;background_background&quot;:&quot;classic&quot;}\">\n\t\t\t<div class=\"elementor-widget-wrap\">\n\t\t\t\t\t\t\t<\/div>\n\t\t<\/div>\n\t\t\t\t<div class=\"elementor-column elementor-col-50 elementor-inner-column elementor-element elementor-element-78a3ec2a content\" data-id=\"78a3ec2a\" data-element_type=\"column\" data-e-type=\"column\">\n\t\t\t<div class=\"elementor-widget-wrap elementor-element-populated\">\n\t\t\t\t\t\t<div class=\"elementor-element elementor-element-6700d2eb elementor-widget elementor-widget-heading\" data-id=\"6700d2eb\" data-element_type=\"widget\" data-e-type=\"widget\" data-widget_type=\"heading.default\">\n\t\t\t\t<div class=\"elementor-widget-container\">\n\t\t\t\t\t<h2 class=\"elementor-heading-title elementor-size-default\">Mesures sp\u00e9cifiques r\u00e9alis\u00e9es :<\/h2>\t\t\t\t<\/div>\n\t\t\t\t<\/div>\n\t\t\t\t<div class=\"elementor-element elementor-element-1e5325d9 elementor-widget elementor-widget-spacer\" data-id=\"1e5325d9\" data-element_type=\"widget\" data-e-type=\"widget\" data-widget_type=\"spacer.default\">\n\t\t\t\t<div class=\"elementor-widget-container\">\n\t\t\t\t\t\t\t<div class=\"elementor-spacer\">\n\t\t\t<div class=\"elementor-spacer-inner\"><\/div>\n\t\t<\/div>\n\t\t\t\t\t\t<\/div>\n\t\t\t\t<\/div>\n\t\t\t\t<div class=\"elementor-element elementor-element-5950b0d9 elementor-widget elementor-widget-text-editor\" data-id=\"5950b0d9\" data-element_type=\"widget\" data-e-type=\"widget\" data-widget_type=\"text-editor.default\">\n\t\t\t\t<div class=\"elementor-widget-container\">\n\t\t\t\t\t\t\t\t\t<ul>\n<li>Indice d\u2019affaiblissement vibratoire et Isolement vibratoire d\u2019une jonction, Kij et Dvij<\/li>\n<li>Puissance acoustique en chambre semi-an\u00e9choique<\/li>\n<li>Puissance acoustique in situ par sonde intensim\u00e9trique<\/li>\n<li>Qualification et contr\u00f4le des laboratoires acoustiques (chambres an\u00e9choiques ou r\u00e9verb\u00e9rantes)<\/li>\n<li>Indice d\u2019affaiblissement acoustique sur petits sp\u00e9cimens pour des Rw max de 45\/50 dB (200 \u00e0 5000 Hz)<\/li>\n<li>Caract\u00e9risation des raideurs de couches de sols par m\u00e9thode vibratoire MASW<\/li>\n<\/ul>\t\t\t\t\t\t\t\t<\/div>\n\t\t\t\t<\/div>\n\t\t\t\t\t<\/div>\n\t\t<\/div>\n\t\t\t\t\t<\/div>\n\t\t<\/section>\n\t\t\t\t\t<\/div>\n\t\t<\/div>\n\t\t\t\t\t<\/div>\n\t\t<\/section>\n\t\t\t\t<section class=\"mcw-fp-section fp-noscroll fp-col-full-height elementor-section elementor-top-section elementor-element elementor-element-8ecdfa3 elementor-section-full_width outils-maitrises elementor-section-height-default elementor-section-height-default elementor-invisible\" data-anchor=\"logiciel-de-simulation\" data-tooltip=\"\" data-id=\"8ecdfa3\" data-element_type=\"section\" data-e-type=\"section\" data-settings=\"{&quot;animation&quot;:&quot;fadeIn&quot;}\">\n\t\t\t\t\t\t<div class=\"elementor-container elementor-column-gap-default\">\n\t\t\t\t\t<div class=\"elementor-column elementor-col-100 elementor-top-column elementor-element elementor-element-2c9afa8\" data-id=\"2c9afa8\" data-element_type=\"column\" data-e-type=\"column\">\n\t\t\t<div class=\"elementor-widget-wrap elementor-element-populated\">\n\t\t\t\t\t\t<section class=\"mcw-fp-slide elementor-section elementor-inner-section elementor-element elementor-element-d39b24e elementor-section-full_width elementor-section-height-default elementor-section-height-default\" data-id=\"d39b24e\" data-element_type=\"section\" data-e-type=\"section\">\n\t\t\t\t\t\t<div class=\"elementor-container elementor-column-gap-default\">\n\t\t\t\t\t<div class=\"elementor-column elementor-col-50 elementor-inner-column elementor-element elementor-element-f39a8ab content\" data-id=\"f39a8ab\" data-element_type=\"column\" data-e-type=\"column\">\n\t\t\t<div class=\"elementor-widget-wrap elementor-element-populated\">\n\t\t\t\t\t\t<div class=\"elementor-element elementor-element-9373003 elementor-widget elementor-widget-heading\" data-id=\"9373003\" data-element_type=\"widget\" data-e-type=\"widget\" data-widget_type=\"heading.default\">\n\t\t\t\t<div class=\"elementor-widget-container\">\n\t\t\t\t\t<h2 class=\"elementor-heading-title elementor-size-default\">Logiciels de simulation :<\/h2>\t\t\t\t<\/div>\n\t\t\t\t<\/div>\n\t\t\t\t<div class=\"elementor-element elementor-element-4cb99a5 elementor-widget elementor-widget-spacer\" data-id=\"4cb99a5\" data-element_type=\"widget\" data-e-type=\"widget\" data-widget_type=\"spacer.default\">\n\t\t\t\t<div class=\"elementor-widget-container\">\n\t\t\t\t\t\t\t<div class=\"elementor-spacer\">\n\t\t\t<div class=\"elementor-spacer-inner\"><\/div>\n\t\t<\/div>\n\t\t\t\t\t\t<\/div>\n\t\t\t\t<\/div>\n\t\t\t\t<div class=\"elementor-element elementor-element-2aacede elementor-widget elementor-widget-text-editor\" data-id=\"2aacede\" data-element_type=\"widget\" data-e-type=\"widget\" data-widget_type=\"text-editor.default\">\n\t\t\t\t<div class=\"elementor-widget-container\">\n\t\t\t\t\t\t\t\t\t<ul><li>Suite logicielle d\u00e9velopp\u00e9e par le groupe GAMBA : <strong><a href=\"\/logiciels\/acous-stiff\/\" target=\"_blank\" rel=\"noopener\">AcouSSTIFF<\/a>\u00ae,\u00a0<a href=\"\/logiciels\/acous-sting\/\" target=\"_blank\" rel=\"noopener\">AcouSSTING<\/a>\u00ae,\u00a0<a href=\"\/logiciels\/acous-stics21\/\" target=\"_blank\" rel=\"noopener\">AcouSTICS21<\/a>\u00ae,\u00a0<a href=\"\/logiciels\/acous-propa\/\" target=\"_blank\" rel=\"noopener\">AcouSPROPA<\/a>\u00ae<\/strong>\u00a0.<\/li><li><strong>MEFISSTO<\/strong>\u00a0d\u00e9velopp\u00e9 par le CSTB (propagation vibratoire) &#8211; m\u00e9thode par \u00e9l\u00e9ments finis 2.5 D<\/li><li><strong>ANSYS<\/strong>\u00a0&#8211; outil de calcul par \u00e9l\u00e9ments finis 3D multi- physique<\/li><\/ul>\t\t\t\t\t\t\t\t<\/div>\n\t\t\t\t<\/div>\n\t\t\t\t<div class=\"elementor-element elementor-element-18ea6b5 elementor-widget elementor-widget-spacer\" data-id=\"18ea6b5\" data-element_type=\"widget\" data-e-type=\"widget\" data-widget_type=\"spacer.default\">\n\t\t\t\t<div class=\"elementor-widget-container\">\n\t\t\t\t\t\t\t<div class=\"elementor-spacer\">\n\t\t\t<div class=\"elementor-spacer-inner\"><\/div>\n\t\t<\/div>\n\t\t\t\t\t\t<\/div>\n\t\t\t\t<\/div>\n\t\t\t\t<div class=\"elementor-element elementor-element-e1746f5 elementor-widget elementor-widget-heading\" data-id=\"e1746f5\" data-element_type=\"widget\" data-e-type=\"widget\" data-widget_type=\"heading.default\">\n\t\t\t\t<div class=\"elementor-widget-container\">\n\t\t\t\t\t<h2 class=\"elementor-heading-title elementor-size-default\">Outils Matlab :<\/h2>\t\t\t\t<\/div>\n\t\t\t\t<\/div>\n\t\t\t\t<div class=\"elementor-element elementor-element-8474b6e elementor-widget elementor-widget-spacer\" data-id=\"8474b6e\" data-element_type=\"widget\" data-e-type=\"widget\" data-widget_type=\"spacer.default\">\n\t\t\t\t<div class=\"elementor-widget-container\">\n\t\t\t\t\t\t\t<div class=\"elementor-spacer\">\n\t\t\t<div class=\"elementor-spacer-inner\"><\/div>\n\t\t<\/div>\n\t\t\t\t\t\t<\/div>\n\t\t\t\t<\/div>\n\t\t\t\t<div class=\"elementor-element elementor-element-1c4f378 elementor-widget elementor-widget-text-editor\" data-id=\"1c4f378\" data-element_type=\"widget\" data-e-type=\"widget\" data-widget_type=\"text-editor.default\">\n\t\t\t\t<div class=\"elementor-widget-container\">\n\t\t\t\t\t\t\t\t\t<ul><li>Propagation acoustique par la FDTD (temporel)<\/li><li>Calcul du diagramme polaire de surfaces diffusantes<\/li><li>Pr\u00e9diction de l\u2019absorption acoustique<\/li><li>Comportement modal des plaques raidies ou non et rayonnement acoustique en champ libre<\/li><li>Vibration : caract\u00e9risation des sols, comportement des structures<\/li><\/ul>\t\t\t\t\t\t\t\t<\/div>\n\t\t\t\t<\/div>\n\t\t\t\t\t<\/div>\n\t\t<\/div>\n\t\t\t\t<div class=\"elementor-column elementor-col-50 elementor-inner-column elementor-element elementor-element-7da4a30 groupe-img elementor-hidden-tablet elementor-hidden-mobile\" data-id=\"7da4a30\" data-element_type=\"column\" data-e-type=\"column\" data-settings=\"{&quot;background_background&quot;:&quot;classic&quot;}\">\n\t\t\t<div class=\"elementor-widget-wrap\">\n\t\t\t\t\t\t\t<\/div>\n\t\t<\/div>\n\t\t\t\t\t<\/div>\n\t\t<\/section>\n\t\t\t\t\t<\/div>\n\t\t<\/div>\n\t\t\t\t\t<\/div>\n\t\t<\/section>\n\t\t\t\t<\/div>\n\t\t<\/div><script type=\"text\/javascript\">(function runFullPage(){(function ready(fn){if (document.attachEvent?document.readyState===\"complete\":document.readyState!==\"loading\"){fn();}else{document.addEventListener(\"DOMContentLoaded\",fn);}})(function(){const setupSlideInterval=function(){let e=null;return function(t){if(e&&(clearInterval(e),e=null),t&&t.item){let l=t.item.getAttribute(\"data-slide-delay\");if(null!==l){let i=parseInt(l,10);isNaN(i)||(e=setInterval(()=>{\"undefined\"!=typeof fullpage_api&&fullpage_api.moveSlideRight&&fullpage_api.moveSlideRight()},1e3*i))}}}}();function videoAutoplay(element,keep){element=element ? element : document;var elements=element.querySelectorAll('video,audio,iframe[src*=\"youtube.com\/embed\/\"]');Array.prototype.forEach.call(elements, function(el, i){if (!el.hasAttribute(\"data-autoplay\")) el.setAttribute(\"data-autoplay\", \"true\");if (keep&&!el.hasAttribute(\"data-keepplaying\")) el.setAttribute(\"data-keepplaying\", \"true\");});};new fullpage(\".mcw-fp-wrapper\",{licenseKey:\"3LMCI-8PTV7-IT1KK-84J18-UJVUN\",credits:false,sectionSelector:\".mcw-fp-section\",slideSelector:\".mcw-fp-section-slide .mcw-fp-slide\",observer:true,scrollBeyondFullpage:false,navigation:true,navigationPosition:\"right\",showActiveTooltip:false,slidesNavigation:false,controlArrows:true,controlArrowsHTML:['<div class=\"fp-arrow\"><svg width=\"60px\" height=\"80px\" viewBox=\"0 0 50 80\" xml:space=\"preserve\"><polyline fill=\"none\" stroke=\"#FFFFFF\" stroke-width=\"1\" stroke-linecap=\"round\" stroke-linejoin=\"round\" points=\"45.63,75.8 0.375,38.087 45.63,0.375\"><\/polyline><\/svg><\\\/div>','<div class=\"fp-arrow\"><svg xmlns=\"http:\/\/www.w3.org\/2000\/svg\" xmlns:xlink=\"http:\/\/www.w3.org\/1999\/xlink\" width=\"60px\" height=\"80px\" viewBox=\"0 0 50 80\" xml:space=\"preserve\"><polyline fill=\"none\" stroke=\"#FFFFFF\" stroke-width=\"1\" stroke-linecap=\"round\" stroke-linejoin=\"round\" points=\"0.375,0.375 45.63,38.087 0.375,75.8 \"><\/polyline><\/svg><\\\/div>'],lockAnchors:false,animateAnchor:true,keyboardScrolling:true,recordHistory:true,autoScrolling:true,fitToSection:true,fitToSectionDelay:1000,scrollBar:false,scrollOverflow:false,scrollOverflowMacStyle:false,skipIntermediateItems:false,continuousVertical:false,loopBottom:false,loopTop:false,loopHorizontal:false,scrollingSpeed:1000,css3:true,easingcss3:\"ease\",rtl:false,verticalCentered:true,adjustOnNavChange:true,responsiveWidth:1024,normalScrollElements:\".elementor-location-popup\",afterRender:function(){videoAutoplay(undefined,false);},afterLoad:function(origin,destination,direction,trigger){setupSlideInterval(destination);videoAutoplay(undefined,false);}});window.fullpage_api.wordpress={name:\"elementor\",version:\"2.7.3\"};});})();<\/script>","protected":false},"excerpt":{"rendered":"<p>Moyens techniques R&#038;D Mat\u00e9riel et outils de mesure : Analyseurs num\u00e9riques, microphonie, acc\u00e9l\u00e9rom\u00e9trie, Source omnidirectionnelle Chambre semi-an\u00e9cho\u00efque (sur le site de Nantes) Banc de mesure de la performance acoustique d\u2019une sous-couche acoustique au bruit de Roulement \u0394LBR Banc de mesure de la rigidit\u00e9 dynamique en flexion ISO 16940 Partenariats avec diff\u00e9rents laboratoires pour la mesure [&hellip;]<\/p>\n","protected":false},"author":7,"featured_media":0,"parent":111,"menu_order":0,"comment_status":"closed","ping_status":"closed","template":"","meta":{"_acf_changed":false,"inline_featured_image":false,"footnotes":""},"activite":[],"class_list":["post-5895","page","type-page","status-publish","hentry"],"acf":[],"yoast_head":"<!-- This site is optimized with the Yoast SEO plugin v27.0 - https:\/\/yoast.com\/product\/yoast-seo-wordpress\/ -->\n<title>Groupe Gamba - Les outils \u00e0 disposition de la R&amp;D<\/title>\n<meta name=\"description\" content=\"Moyens techniques. Mat\u00e9riel et outils de mesure : Analyseurs num\u00e9riques, microphonie, acc\u00e9l\u00e9rom\u00e9trie, Source omnidirectionnelle...\" \/>\n<meta name=\"robots\" content=\"index, follow, max-snippet:-1, max-image-preview:large, max-video-preview:-1\" \/>\n<link rel=\"canonical\" href=\"https:\/\/gamba.fr\/en\/recherche-et-developpement\/moyens-techniques\/\" \/>\n<meta property=\"og:locale\" content=\"en_US\" \/>\n<meta property=\"og:type\" content=\"article\" \/>\n<meta property=\"og:title\" content=\"Groupe Gamba - Les outils \u00e0 disposition de la R&amp;D\" \/>\n<meta property=\"og:description\" content=\"Moyens techniques. Mat\u00e9riel et outils de mesure : Analyseurs num\u00e9riques, microphonie, acc\u00e9l\u00e9rom\u00e9trie, Source omnidirectionnelle...\" \/>\n<meta property=\"og:url\" content=\"https:\/\/gamba.fr\/en\/recherche-et-developpement\/moyens-techniques\/\" \/>\n<meta property=\"og:site_name\" content=\"GAMBA\" \/>\n<meta property=\"article:publisher\" content=\"https:\/\/www.facebook.com\/GambaAcoustique\/\" \/>\n<meta property=\"article:modified_time\" content=\"2024-01-02T15:27:08+00:00\" \/>\n<meta name=\"twitter:card\" content=\"summary_large_image\" \/>\n<meta name=\"twitter:label1\" content=\"Est. reading time\" \/>\n\t<meta name=\"twitter:data1\" content=\"2 minutes\" \/>\n<script type=\"application\/ld+json\" class=\"yoast-schema-graph\">{\"@context\":\"https:\/\/schema.org\",\"@graph\":[{\"@type\":\"WebPage\",\"@id\":\"https:\/\/gamba.fr\/recherche-et-developpement\/moyens-techniques\/\",\"url\":\"https:\/\/gamba.fr\/recherche-et-developpement\/moyens-techniques\/\",\"name\":\"Groupe Gamba - Les outils \u00e0 disposition de la R&D\",\"isPartOf\":{\"@id\":\"https:\/\/gamba.fr\/#website\"},\"datePublished\":\"2023-10-27T17:23:22+00:00\",\"dateModified\":\"2024-01-02T15:27:08+00:00\",\"description\":\"Moyens techniques. Mat\u00e9riel et outils de mesure : Analyseurs num\u00e9riques, microphonie, acc\u00e9l\u00e9rom\u00e9trie, Source omnidirectionnelle...\",\"breadcrumb\":{\"@id\":\"https:\/\/gamba.fr\/recherche-et-developpement\/moyens-techniques\/#breadcrumb\"},\"inLanguage\":\"en-US\",\"potentialAction\":[{\"@type\":\"ReadAction\",\"target\":[\"https:\/\/gamba.fr\/recherche-et-developpement\/moyens-techniques\/\"]}]},{\"@type\":\"BreadcrumbList\",\"@id\":\"https:\/\/gamba.fr\/recherche-et-developpement\/moyens-techniques\/#breadcrumb\",\"itemListElement\":[{\"@type\":\"ListItem\",\"position\":1,\"name\":\"Accueil\",\"item\":\"https:\/\/gamba.fr\/\"},{\"@type\":\"ListItem\",\"position\":2,\"name\":\"Recherche et d\u00e9veloppement\",\"item\":\"https:\/\/gamba.fr\/recherche-et-developpement\/\"},{\"@type\":\"ListItem\",\"position\":3,\"name\":\"Moyens Techniques\"}]},{\"@type\":\"WebSite\",\"@id\":\"https:\/\/gamba.fr\/#website\",\"url\":\"https:\/\/gamba.fr\/\",\"name\":\"GAMBA\",\"description\":\"Plus que de l&#039;Acoustique et des Vibrations\",\"publisher\":{\"@id\":\"https:\/\/gamba.fr\/#organization\"},\"potentialAction\":[{\"@type\":\"SearchAction\",\"target\":{\"@type\":\"EntryPoint\",\"urlTemplate\":\"https:\/\/gamba.fr\/?s={search_term_string}\"},\"query-input\":{\"@type\":\"PropertyValueSpecification\",\"valueRequired\":true,\"valueName\":\"search_term_string\"}}],\"inLanguage\":\"en-US\"},{\"@type\":\"Organization\",\"@id\":\"https:\/\/gamba.fr\/#organization\",\"name\":\"GAMBA\",\"url\":\"https:\/\/gamba.fr\/\",\"logo\":{\"@type\":\"ImageObject\",\"inLanguage\":\"en-US\",\"@id\":\"https:\/\/gamba.fr\/#\/schema\/logo\/image\/\",\"url\":\"https:\/\/gamba.fr\/wp-content\/uploads\/2023\/07\/logo@2x.png\",\"contentUrl\":\"https:\/\/gamba.fr\/wp-content\/uploads\/2023\/07\/logo@2x.png\",\"width\":504,\"height\":140,\"caption\":\"GAMBA\"},\"image\":{\"@id\":\"https:\/\/gamba.fr\/#\/schema\/logo\/image\/\"},\"sameAs\":[\"https:\/\/www.facebook.com\/GambaAcoustique\/\",\"https:\/\/www.linkedin.com\/company\/gamba-acoustique\/?trk=mini-profile\"]}]}<\/script>\n<!-- \/ Yoast SEO plugin. -->","yoast_head_json":{"title":"Groupe Gamba - Les outils \u00e0 disposition de la R&D","description":"Moyens techniques. Mat\u00e9riel et outils de mesure : Analyseurs num\u00e9riques, microphonie, acc\u00e9l\u00e9rom\u00e9trie, Source omnidirectionnelle...","robots":{"index":"index","follow":"follow","max-snippet":"max-snippet:-1","max-image-preview":"max-image-preview:large","max-video-preview":"max-video-preview:-1"},"canonical":"https:\/\/gamba.fr\/en\/recherche-et-developpement\/moyens-techniques\/","og_locale":"en_US","og_type":"article","og_title":"Groupe Gamba - Les outils \u00e0 disposition de la R&D","og_description":"Moyens techniques. Mat\u00e9riel et outils de mesure : Analyseurs num\u00e9riques, microphonie, acc\u00e9l\u00e9rom\u00e9trie, Source omnidirectionnelle...","og_url":"https:\/\/gamba.fr\/en\/recherche-et-developpement\/moyens-techniques\/","og_site_name":"GAMBA","article_publisher":"https:\/\/www.facebook.com\/GambaAcoustique\/","article_modified_time":"2024-01-02T15:27:08+00:00","twitter_card":"summary_large_image","twitter_misc":{"Est. reading time":"2 minutes"},"schema":{"@context":"https:\/\/schema.org","@graph":[{"@type":"WebPage","@id":"https:\/\/gamba.fr\/recherche-et-developpement\/moyens-techniques\/","url":"https:\/\/gamba.fr\/recherche-et-developpement\/moyens-techniques\/","name":"Groupe Gamba - Les outils \u00e0 disposition de la R&D","isPartOf":{"@id":"https:\/\/gamba.fr\/#website"},"datePublished":"2023-10-27T17:23:22+00:00","dateModified":"2024-01-02T15:27:08+00:00","description":"Moyens techniques. Mat\u00e9riel et outils de mesure : Analyseurs num\u00e9riques, microphonie, acc\u00e9l\u00e9rom\u00e9trie, Source omnidirectionnelle...","breadcrumb":{"@id":"https:\/\/gamba.fr\/recherche-et-developpement\/moyens-techniques\/#breadcrumb"},"inLanguage":"en-US","potentialAction":[{"@type":"ReadAction","target":["https:\/\/gamba.fr\/recherche-et-developpement\/moyens-techniques\/"]}]},{"@type":"BreadcrumbList","@id":"https:\/\/gamba.fr\/recherche-et-developpement\/moyens-techniques\/#breadcrumb","itemListElement":[{"@type":"ListItem","position":1,"name":"Accueil","item":"https:\/\/gamba.fr\/"},{"@type":"ListItem","position":2,"name":"Recherche et d\u00e9veloppement","item":"https:\/\/gamba.fr\/recherche-et-developpement\/"},{"@type":"ListItem","position":3,"name":"Moyens Techniques"}]},{"@type":"WebSite","@id":"https:\/\/gamba.fr\/#website","url":"https:\/\/gamba.fr\/","name":"GAMBA","description":"Plus que de l&#039;Acoustique et des Vibrations","publisher":{"@id":"https:\/\/gamba.fr\/#organization"},"potentialAction":[{"@type":"SearchAction","target":{"@type":"EntryPoint","urlTemplate":"https:\/\/gamba.fr\/?s={search_term_string}"},"query-input":{"@type":"PropertyValueSpecification","valueRequired":true,"valueName":"search_term_string"}}],"inLanguage":"en-US"},{"@type":"Organization","@id":"https:\/\/gamba.fr\/#organization","name":"GAMBA","url":"https:\/\/gamba.fr\/","logo":{"@type":"ImageObject","inLanguage":"en-US","@id":"https:\/\/gamba.fr\/#\/schema\/logo\/image\/","url":"https:\/\/gamba.fr\/wp-content\/uploads\/2023\/07\/logo@2x.png","contentUrl":"https:\/\/gamba.fr\/wp-content\/uploads\/2023\/07\/logo@2x.png","width":504,"height":140,"caption":"GAMBA"},"image":{"@id":"https:\/\/gamba.fr\/#\/schema\/logo\/image\/"},"sameAs":["https:\/\/www.facebook.com\/GambaAcoustique\/","https:\/\/www.linkedin.com\/company\/gamba-acoustique\/?trk=mini-profile"]}]}},"_links":{"self":[{"href":"https:\/\/gamba.fr\/en\/wp-json\/wp\/v2\/pages\/5895","targetHints":{"allow":["GET"]}}],"collection":[{"href":"https:\/\/gamba.fr\/en\/wp-json\/wp\/v2\/pages"}],"about":[{"href":"https:\/\/gamba.fr\/en\/wp-json\/wp\/v2\/types\/page"}],"author":[{"embeddable":true,"href":"https:\/\/gamba.fr\/en\/wp-json\/wp\/v2\/users\/7"}],"replies":[{"embeddable":true,"href":"https:\/\/gamba.fr\/en\/wp-json\/wp\/v2\/comments?post=5895"}],"version-history":[{"count":0,"href":"https:\/\/gamba.fr\/en\/wp-json\/wp\/v2\/pages\/5895\/revisions"}],"up":[{"embeddable":true,"href":"https:\/\/gamba.fr\/en\/wp-json\/wp\/v2\/pages\/111"}],"wp:attachment":[{"href":"https:\/\/gamba.fr\/en\/wp-json\/wp\/v2\/media?parent=5895"}],"wp:term":[{"taxonomy":"activite","embeddable":true,"href":"https:\/\/gamba.fr\/en\/wp-json\/wp\/v2\/activite?post=5895"}],"curies":[{"name":"wp","href":"https:\/\/api.w.org\/{rel}","templated":true}]}}