{"id":3,"date":"2023-07-25T19:25:15","date_gmt":"2023-07-25T17:25:15","guid":{"rendered":"https:\/\/gamba.fr\/?page_id=3"},"modified":"2024-01-16T14:11:25","modified_gmt":"2024-01-16T13:11:25","slug":"mentions-legales","status":"publish","type":"page","link":"https:\/\/gamba.fr\/en\/mentions-legales\/","title":{"rendered":"Terms of use"},"content":{"rendered":"<div data-elementor-type=\"wp-page\" data-elementor-id=\"3\" class=\"elementor elementor-3\" data-elementor-post-type=\"page\">\n\t\t\t\t<div class=\"elementor-element elementor-element-b902393 e-flex e-con-boxed e-con e-parent\" data-id=\"b902393\" data-element_type=\"container\" data-e-type=\"container\">\n\t\t\t\t\t<div class=\"e-con-inner\">\n\t\t\t\t<div class=\"elementor-element elementor-element-74b84e3 elementor-widget elementor-widget-spacer\" data-id=\"74b84e3\" data-element_type=\"widget\" data-e-type=\"widget\" data-widget_type=\"spacer.default\">\n\t\t\t\t<div class=\"elementor-widget-container\">\n\t\t\t\t\t\t\t<div class=\"elementor-spacer\">\n\t\t\t<div class=\"elementor-spacer-inner\"><\/div>\n\t\t<\/div>\n\t\t\t\t\t\t<\/div>\n\t\t\t\t<\/div>\n\t\t\t\t<div class=\"elementor-element elementor-element-a977fac elementor-widget elementor-widget-heading\" data-id=\"a977fac\" data-element_type=\"widget\" data-e-type=\"widget\" data-widget_type=\"heading.default\">\n\t\t\t\t<div class=\"elementor-widget-container\">\n\t\t\t\t\t<h1 class=\"elementor-heading-title elementor-size-default\">Mentions l\u00e9gales<\/h1>\t\t\t\t<\/div>\n\t\t\t\t<\/div>\n\t\t\t\t<div class=\"elementor-element elementor-element-3d9357c elementor-widget elementor-widget-spacer\" data-id=\"3d9357c\" data-element_type=\"widget\" data-e-type=\"widget\" data-widget_type=\"spacer.default\">\n\t\t\t\t<div class=\"elementor-widget-container\">\n\t\t\t\t\t\t\t<div class=\"elementor-spacer\">\n\t\t\t<div class=\"elementor-spacer-inner\"><\/div>\n\t\t<\/div>\n\t\t\t\t\t\t<\/div>\n\t\t\t\t<\/div>\n\t\t\t\t<div class=\"elementor-element elementor-element-a870b67 elementor-widget elementor-widget-text-editor\" data-id=\"a870b67\" data-element_type=\"widget\" data-e-type=\"widget\" data-widget_type=\"text-editor.default\">\n\t\t\t\t<div class=\"elementor-widget-container\">\n\t\t\t\t\t\t\t\t\t<p><\/p>\n<h5 class=\"wp-block-heading\"><span style=\"text-decoration: underline;\"><strong>Identit\u00e9 de la structure :<\/strong><\/span><\/h5>\n<p><strong>Groupe GAMBA<\/strong><br \/>163, rue du Colombier &#8211; 31670 Lab\u00e8ge &#8211; France<br \/>SASU Soci\u00e9t\u00e9 par actions simplifi\u00e9e \u00e0 associ\u00e9 unique, capital social 320 520,00 \u20ac. <br \/>Immatriculation au registre du commerce de Toulouse, sous le num\u00e9ro 450 059 00, SIRET 450 059 001 000 21, Code APE 7112B.<br \/>Contact : +33 (0)5 62 24 36 76<\/p>\n<p><br \/><strong>Directeur de la publication :<\/strong> Fabien Krajcarz <br \/><strong>D\u00e9l\u00e9gu\u00e9(e) de la Protection des donn\u00e9es<\/strong> :\u00a0<\/p>\n<p>\u00a0<\/p>\n<h6><span style=\"text-decoration: underline;\"><strong>H\u00e9bergeur du site :<\/strong><\/span><\/h6>\n<p><strong>OVH<\/strong><br \/>Si\u00e8ge social : 2 rue Kellermann &#8211; 59100 Roubaix &#8211; France<br \/>RCS Lille M\u00e9tropole 424 761 419 00045\u00a0&#8211; N\u00b0 TVA : FR 22 424 761 419 &#8211; Code APE 2620Z<br \/>Contact France : 1007<\/p>\n<p>\u00a0<\/p>\n<h6><span style=\"text-decoration: underline;\"><strong>D\u00e9veloppement et maintenance technique du site :<\/strong><\/span><\/h6>\n<p><strong>Agence HIGHLIGHT<\/strong><br \/>7 Avenue du Petit Prince &#8211; 31400 Toulouse &#8211; France<br \/>RCS Toulouse B 813 178 191 &#8211; N\u00b0 TVA : FR 08 813 178 191 &#8211; Code APE 5911B<br \/>Contact : +33 (0)5 32 74 06 49<\/p>\n<p>\u00a0<\/p>\t\t\t\t\t\t\t\t<\/div>\n\t\t\t\t<\/div>\n\t\t\t\t<div class=\"elementor-element elementor-element-27a8c36 elementor-widget elementor-widget-text-editor\" data-id=\"27a8c36\" data-element_type=\"widget\" data-e-type=\"widget\" data-widget_type=\"text-editor.default\">\n\t\t\t\t<div class=\"elementor-widget-container\">\n\t\t\t\t\t\t\t\t\t<h5><strong><span style=\"text-decoration: underline;\">Conditions d&rsquo;utilisation du site www.gamba.fr<\/span><\/strong><\/h5>\n<div>\n<div>\n<p>Le site et chacun des \u00e9l\u00e9ments le composant (ex: les logos, ic\u00f4nes, infographies, photographies) sont prot\u00e9g\u00e9s au titre de la l\u00e9gislation internationale de la propri\u00e9t\u00e9 intellectuelle. Les contenus figurant sur le site sont la propri\u00e9t\u00e9 du Groupe GAMBA ou d\u2019autres entreprises. Toute utilisation, reproduction ou repr\u00e9sentation, par quelque proc\u00e9d\u00e9 que ce soit, et sur quelque support que ce soit, de tout ou partie du site et\/ou des \u00e9l\u00e9ments qui le composent n&rsquo;est pas autoris\u00e9e sans le consentement expresse du Groupe GAMBA.<\/p>\n<p>La marque GAMBA, le logo GAMBA ainsi que ses logiciels, et toutes les autres marques GAMBA qui figurent sur le pr\u00e9sent site internet sont des marques enregistr\u00e9es, dont le titulaire est la soci\u00e9t\u00e9 Groupe GAMBA. Toutes les autres marques qui figurent sur le pr\u00e9sent site internet sont la propri\u00e9t\u00e9 de leurs titulaires respectifs.<\/p>\n<\/div>\n<\/div>\t\t\t\t\t\t\t\t<\/div>\n\t\t\t\t<\/div>\n\t\t\t\t\t<\/div>\n\t\t\t\t<\/div>\n\t\t\t\t<\/div>","protected":false},"excerpt":{"rendered":"<p>Mentions l\u00e9gales Identit\u00e9 de la structure : Groupe GAMBA163, rue du Colombier &#8211; 31670 Lab\u00e8ge &#8211; FranceSASU Soci\u00e9t\u00e9 par actions simplifi\u00e9e \u00e0 associ\u00e9 unique, capital social 320 520,00 \u20ac. Immatriculation au registre du commerce de Toulouse, sous le num\u00e9ro 450 059 00, SIRET 450 059 001 000 21, Code APE 7112B.Contact : +33 (0)5 62 [&hellip;]<\/p>\n","protected":false},"author":7,"featured_media":0,"parent":0,"menu_order":0,"comment_status":"closed","ping_status":"closed","template":"","meta":{"_acf_changed":false,"inline_featured_image":false,"footnotes":""},"activite":[],"class_list":["post-3","page","type-page","status-publish","hentry"],"acf":[],"yoast_head":"<!-- This site is optimized with the Yoast SEO plugin v27.0 - https:\/\/yoast.com\/product\/yoast-seo-wordpress\/ -->\n<title>Groupe GAMBA | Mentions l\u00e9gales<\/title>\n<meta name=\"description\" content=\"Prenez connaissance des mentions l\u00e9gales du groupe GAMBA.\" \/>\n<meta name=\"robots\" content=\"index, follow, max-snippet:-1, max-image-preview:large, max-video-preview:-1\" \/>\n<link rel=\"canonical\" href=\"https:\/\/gamba.fr\/en\/mentions-legales\/\" \/>\n<meta property=\"og:locale\" content=\"en_US\" \/>\n<meta property=\"og:type\" content=\"article\" \/>\n<meta property=\"og:title\" content=\"Groupe GAMBA | Mentions l\u00e9gales\" \/>\n<meta property=\"og:description\" content=\"Prenez connaissance des mentions l\u00e9gales du groupe GAMBA.\" \/>\n<meta property=\"og:url\" content=\"https:\/\/gamba.fr\/en\/mentions-legales\/\" \/>\n<meta property=\"og:site_name\" content=\"GAMBA\" \/>\n<meta property=\"article:publisher\" content=\"https:\/\/www.facebook.com\/GambaAcoustique\/\" \/>\n<meta property=\"article:modified_time\" content=\"2024-01-16T13:11:25+00:00\" \/>\n<meta name=\"twitter:card\" content=\"summary_large_image\" \/>\n<meta name=\"twitter:label1\" content=\"Est. reading time\" \/>\n\t<meta name=\"twitter:data1\" content=\"2 minutes\" \/>\n<script type=\"application\/ld+json\" class=\"yoast-schema-graph\">{\"@context\":\"https:\/\/schema.org\",\"@graph\":[{\"@type\":\"WebPage\",\"@id\":\"https:\/\/gamba.fr\/mentions-legales\/\",\"url\":\"https:\/\/gamba.fr\/mentions-legales\/\",\"name\":\"Groupe GAMBA | Mentions l\u00e9gales\",\"isPartOf\":{\"@id\":\"https:\/\/gamba.fr\/#website\"},\"datePublished\":\"2023-07-25T17:25:15+00:00\",\"dateModified\":\"2024-01-16T13:11:25+00:00\",\"description\":\"Prenez connaissance des mentions l\u00e9gales du groupe GAMBA.\",\"breadcrumb\":{\"@id\":\"https:\/\/gamba.fr\/mentions-legales\/#breadcrumb\"},\"inLanguage\":\"en-US\",\"potentialAction\":[{\"@type\":\"ReadAction\",\"target\":[\"https:\/\/gamba.fr\/mentions-legales\/\"]}]},{\"@type\":\"BreadcrumbList\",\"@id\":\"https:\/\/gamba.fr\/mentions-legales\/#breadcrumb\",\"itemListElement\":[{\"@type\":\"ListItem\",\"position\":1,\"name\":\"Accueil\",\"item\":\"https:\/\/gamba.fr\/\"},{\"@type\":\"ListItem\",\"position\":2,\"name\":\"Mentions L\u00e9gales\"}]},{\"@type\":\"WebSite\",\"@id\":\"https:\/\/gamba.fr\/#website\",\"url\":\"https:\/\/gamba.fr\/\",\"name\":\"GAMBA\",\"description\":\"Plus que de l&#039;Acoustique et des Vibrations\",\"publisher\":{\"@id\":\"https:\/\/gamba.fr\/#organization\"},\"potentialAction\":[{\"@type\":\"SearchAction\",\"target\":{\"@type\":\"EntryPoint\",\"urlTemplate\":\"https:\/\/gamba.fr\/?s={search_term_string}\"},\"query-input\":{\"@type\":\"PropertyValueSpecification\",\"valueRequired\":true,\"valueName\":\"search_term_string\"}}],\"inLanguage\":\"en-US\"},{\"@type\":\"Organization\",\"@id\":\"https:\/\/gamba.fr\/#organization\",\"name\":\"GAMBA\",\"url\":\"https:\/\/gamba.fr\/\",\"logo\":{\"@type\":\"ImageObject\",\"inLanguage\":\"en-US\",\"@id\":\"https:\/\/gamba.fr\/#\/schema\/logo\/image\/\",\"url\":\"https:\/\/gamba.fr\/wp-content\/uploads\/2023\/07\/logo@2x.png\",\"contentUrl\":\"https:\/\/gamba.fr\/wp-content\/uploads\/2023\/07\/logo@2x.png\",\"width\":504,\"height\":140,\"caption\":\"GAMBA\"},\"image\":{\"@id\":\"https:\/\/gamba.fr\/#\/schema\/logo\/image\/\"},\"sameAs\":[\"https:\/\/www.facebook.com\/GambaAcoustique\/\",\"https:\/\/www.linkedin.com\/company\/gamba-acoustique\/?trk=mini-profile\"]}]}<\/script>\n<!-- \/ Yoast SEO plugin. -->","yoast_head_json":{"title":"Groupe GAMBA | Mentions l\u00e9gales","description":"Prenez connaissance des mentions l\u00e9gales du groupe GAMBA.","robots":{"index":"index","follow":"follow","max-snippet":"max-snippet:-1","max-image-preview":"max-image-preview:large","max-video-preview":"max-video-preview:-1"},"canonical":"https:\/\/gamba.fr\/en\/mentions-legales\/","og_locale":"en_US","og_type":"article","og_title":"Groupe GAMBA | Mentions l\u00e9gales","og_description":"Prenez connaissance des mentions l\u00e9gales du groupe GAMBA.","og_url":"https:\/\/gamba.fr\/en\/mentions-legales\/","og_site_name":"GAMBA","article_publisher":"https:\/\/www.facebook.com\/GambaAcoustique\/","article_modified_time":"2024-01-16T13:11:25+00:00","twitter_card":"summary_large_image","twitter_misc":{"Est. reading time":"2 minutes"},"schema":{"@context":"https:\/\/schema.org","@graph":[{"@type":"WebPage","@id":"https:\/\/gamba.fr\/mentions-legales\/","url":"https:\/\/gamba.fr\/mentions-legales\/","name":"Groupe GAMBA | Mentions l\u00e9gales","isPartOf":{"@id":"https:\/\/gamba.fr\/#website"},"datePublished":"2023-07-25T17:25:15+00:00","dateModified":"2024-01-16T13:11:25+00:00","description":"Prenez connaissance des mentions l\u00e9gales du groupe GAMBA.","breadcrumb":{"@id":"https:\/\/gamba.fr\/mentions-legales\/#breadcrumb"},"inLanguage":"en-US","potentialAction":[{"@type":"ReadAction","target":["https:\/\/gamba.fr\/mentions-legales\/"]}]},{"@type":"BreadcrumbList","@id":"https:\/\/gamba.fr\/mentions-legales\/#breadcrumb","itemListElement":[{"@type":"ListItem","position":1,"name":"Accueil","item":"https:\/\/gamba.fr\/"},{"@type":"ListItem","position":2,"name":"Mentions L\u00e9gales"}]},{"@type":"WebSite","@id":"https:\/\/gamba.fr\/#website","url":"https:\/\/gamba.fr\/","name":"GAMBA","description":"Plus que de l&#039;Acoustique et des Vibrations","publisher":{"@id":"https:\/\/gamba.fr\/#organization"},"potentialAction":[{"@type":"SearchAction","target":{"@type":"EntryPoint","urlTemplate":"https:\/\/gamba.fr\/?s={search_term_string}"},"query-input":{"@type":"PropertyValueSpecification","valueRequired":true,"valueName":"search_term_string"}}],"inLanguage":"en-US"},{"@type":"Organization","@id":"https:\/\/gamba.fr\/#organization","name":"GAMBA","url":"https:\/\/gamba.fr\/","logo":{"@type":"ImageObject","inLanguage":"en-US","@id":"https:\/\/gamba.fr\/#\/schema\/logo\/image\/","url":"https:\/\/gamba.fr\/wp-content\/uploads\/2023\/07\/logo@2x.png","contentUrl":"https:\/\/gamba.fr\/wp-content\/uploads\/2023\/07\/logo@2x.png","width":504,"height":140,"caption":"GAMBA"},"image":{"@id":"https:\/\/gamba.fr\/#\/schema\/logo\/image\/"},"sameAs":["https:\/\/www.facebook.com\/GambaAcoustique\/","https:\/\/www.linkedin.com\/company\/gamba-acoustique\/?trk=mini-profile"]}]}},"_links":{"self":[{"href":"https:\/\/gamba.fr\/en\/wp-json\/wp\/v2\/pages\/3","targetHints":{"allow":["GET"]}}],"collection":[{"href":"https:\/\/gamba.fr\/en\/wp-json\/wp\/v2\/pages"}],"about":[{"href":"https:\/\/gamba.fr\/en\/wp-json\/wp\/v2\/types\/page"}],"author":[{"embeddable":true,"href":"https:\/\/gamba.fr\/en\/wp-json\/wp\/v2\/users\/7"}],"replies":[{"embeddable":true,"href":"https:\/\/gamba.fr\/en\/wp-json\/wp\/v2\/comments?post=3"}],"version-history":[{"count":22,"href":"https:\/\/gamba.fr\/en\/wp-json\/wp\/v2\/pages\/3\/revisions"}],"predecessor-version":[{"id":11116,"href":"https:\/\/gamba.fr\/en\/wp-json\/wp\/v2\/pages\/3\/revisions\/11116"}],"wp:attachment":[{"href":"https:\/\/gamba.fr\/en\/wp-json\/wp\/v2\/media?parent=3"}],"wp:term":[{"taxonomy":"activite","embeddable":true,"href":"https:\/\/gamba.fr\/en\/wp-json\/wp\/v2\/activite?post=3"}],"curies":[{"name":"wp","href":"https:\/\/api.w.org\/{rel}","templated":true}]}}